{"id":11876,"date":"2021-12-10T15:24:44","date_gmt":"2021-12-10T14:24:44","guid":{"rendered":"https:\/\/www.aegm.org\/?page_id=11876"},"modified":"2021-12-10T15:43:15","modified_gmt":"2021-12-10T14:43:15","slug":"contact","status":"publish","type":"page","link":"https:\/\/www.aegm.org\/fr\/contact\/","title":{"rendered":"Contact"},"content":{"rendered":"\t\t<div data-elementor-type=\"wp-page\" data-elementor-id=\"11876\" class=\"elementor elementor-11876 elementor-10278\" data-elementor-settings=\"[]\">\n\t\t\t\t\t\t\t<div class=\"elementor-section-wrap\">\n\t\t\t\t\t\t\t<section class=\"elementor-section elementor-top-section elementor-element elementor-element-6bfe426 elementor-section-boxed elementor-section-height-default elementor-section-height-default\" data-id=\"6bfe426\" data-element_type=\"section\">\n\t\t\t\t\t\t<div class=\"elementor-container elementor-column-gap-default\">\n\t\t\t\t\t<div class=\"elementor-column elementor-col-50 elementor-top-column elementor-element elementor-element-5264c00\" data-id=\"5264c00\" data-element_type=\"column\">\n\t\t\t<div class=\"elementor-widget-wrap elementor-element-populated\">\n\t\t\t\t\t\t\t\t<div class=\"elementor-element elementor-element-09f3c87 elementor-widget elementor-widget-hub_fancy_heading\" data-id=\"09f3c87\" data-element_type=\"widget\" data-widget_type=\"hub_fancy_heading.default\">\n\t\t\t\t<div class=\"elementor-widget-container\">\n\t\t\t\n\t\t<div id=\"ld-fancy-heading-69ee208ebf356\" class=\"ld-fancy-heading\">\n\t\t\t<h1 class=\"ld-fh-element elementor-heading-title lqd-highlight-underline lqd-highlight-grow-left h1\"  > Contactez-nous<\/h1>\t\t<\/div>\n\n\t\t\t\t<\/div>\n\t\t\t\t<\/div>\n\t\t\t\t<div class=\"elementor-element elementor-element-aaf301d elementor-widget elementor-widget-hub_fancy_heading\" data-id=\"aaf301d\" data-element_type=\"widget\" data-widget_type=\"hub_fancy_heading.default\">\n\t\t\t\t<div class=\"elementor-widget-container\">\n\t\t\t\n\t\t<div id=\"ld-fancy-heading-69ee208ec0467\" class=\"ld-fancy-heading\">\n\t\t\t<p class=\"ld-fh-element lqd-highlight-underline lqd-highlight-grow-left p\"  > Nous sommes l\u00e0 pour r\u00e9pondre \u00e0 toutes vos questions. N'h\u00e9sitez pas \u00e0 nous \u00e9crire via notre formulaire.<\/p>\t\t<\/div>\n\n\t\t\t\t<\/div>\n\t\t\t\t<\/div>\n\t\t\t\t<div class=\"elementor-element elementor-element-daed814 elementor-align-left elementor-widget elementor-widget-ld_icon_box\" data-id=\"daed814\" data-element_type=\"widget\" data-widget_type=\"ld_icon_box.default\">\n\t\t\t\t<div class=\"elementor-widget-container\">\n\t\t\t\n\t\t\t<div id=\"ld_icon_box_daed814\" class=\"iconbox iconbox-side\"   >\n\t\t\t\t\n\t\t\t\t\t\n\t\t\t\t\n\t\t\t\t<div class=\"iconbox-icon-wrap\"><span class=\"iconbox-icon-container\"><i aria-hidden=\"true\" class=\"fas fa-map-marker-alt\"><\/i><\/span><\/div>\t\t\t\t\n\t\t\t\t\t\t\t\t\n\t\t\t\t\t\t\t\t\n\t\t\t\t\t\t\t\t\n\t\t\t\t<h3 class=\"lq-icon-box-el\" >Av. Juan XXIII, 5<br>22700 Jaca (Huesca)<\/h3>\t\t\t\t<p><\/p>\n\t\t\t\t\t\t\t\t\n\t\t\t\t\t\t\t\t\n\t\t\t\t\n\t\t\t<\/div>\n\n\t\t\t\t<\/div>\n\t\t\t\t<\/div>\n\t\t\t\t<div class=\"elementor-element elementor-element-83073fe elementor-align-left elementor-widget elementor-widget-ld_icon_box\" data-id=\"83073fe\" data-element_type=\"widget\" data-widget_type=\"ld_icon_box.default\">\n\t\t\t\t<div class=\"elementor-widget-container\">\n\t\t\t\n\t\t\t<div id=\"ld_icon_box_83073fe\" class=\"iconbox iconbox-side\"   >\n\t\t\t\t\n\t\t\t\t\t\n\t\t\t\t\n\t\t\t\t<div class=\"iconbox-icon-wrap\"><span class=\"iconbox-icon-container\"><i aria-hidden=\"true\" class=\"fas fa-envelope\"><\/i><\/span><\/div>\t\t\t\t\n\t\t\t\t\t\t\t\t\n\t\t\t\t\t\t\t\t\n\t\t\t\t\t\t\t\t\n\t\t\t\t<h3 class=\"lq-icon-box-el\" >E-mail: info@aegm.org<\/h3>\t\t\t\t<p><\/p>\n\t\t\t\t\t\t\t\t\n\t\t\t\t\t\t\t\t\n\t\t\t\t\n\t\t\t<\/div>\n\n\t\t\t\t<\/div>\n\t\t\t\t<\/div>\n\t\t\t\t<div class=\"elementor-element elementor-element-1b52f35 elementor-align-left elementor-widget elementor-widget-ld_icon_box\" data-id=\"1b52f35\" data-element_type=\"widget\" data-widget_type=\"ld_icon_box.default\">\n\t\t\t\t<div class=\"elementor-widget-container\">\n\t\t\t\n\t\t\t<div id=\"ld_icon_box_1b52f35\" class=\"iconbox iconbox-side\"   >\n\t\t\t\t\n\t\t\t\t\t\n\t\t\t\t\n\t\t\t\t<div class=\"iconbox-icon-wrap\"><span class=\"iconbox-icon-container\"><i aria-hidden=\"true\" class=\"fas fa-mobile\"><\/i><\/span><\/div>\t\t\t\t\n\t\t\t\t\t\t\t\t\n\t\t\t\t\t\t\t\t\n\t\t\t\t\t\t\t\t\n\t\t\t\t<h3 class=\"lq-icon-box-el\" >T\u00e9l\u00e9phone: +34 974 35 55 78<\/h3>\t\t\t\t<p><\/p>\n\t\t\t\t\t\t\t\t\n\t\t\t\t\t\t\t\t\n\t\t\t\t\n\t\t\t<\/div>\n\n\t\t\t\t<\/div>\n\t\t\t\t<\/div>\n\t\t\t\t\t<\/div>\n\t\t<\/div>\n\t\t\t\t<div class=\"elementor-column elementor-col-50 elementor-top-column elementor-element elementor-element-fc1f133\" data-id=\"fc1f133\" data-element_type=\"column\">\n\t\t\t<div class=\"elementor-widget-wrap elementor-element-populated\">\n\t\t\t\t\t\t\t\t<div class=\"elementor-element elementor-element-5ff55f6 elementor-widget elementor-widget-ld_cf722\" data-id=\"5ff55f6\" data-element_type=\"widget\" data-widget_type=\"ld_cf722.default\">\n\t\t\t\t<div class=\"elementor-widget-container\">\n\t\t\t\n\t<div class=\"lqd-contact-form lqd-contact-form-inputs-filled lqd-contact-form-inputs-round lqd-contact-form-button-block\" >\n\t\t<div role=\"form\" class=\"wpcf7\" id=\"wpcf7-f11885-o1\" lang=\"es-ES\" dir=\"ltr\">\n<div class=\"screen-reader-response\"><p role=\"status\" aria-live=\"polite\" aria-atomic=\"true\"><\/p> <ul><\/ul><\/div>\n<form action=\"\/fr\/wp-json\/wp\/v2\/pages\/11876#wpcf7-f11885-o1\" method=\"post\" class=\"wpcf7-form init\" novalidate=\"novalidate\" data-status=\"init\">\n<div style=\"display: none;\">\n<input type=\"hidden\" name=\"_wpcf7\" value=\"11885\" \/>\n<input type=\"hidden\" name=\"_wpcf7_version\" value=\"5.5.3\" \/>\n<input type=\"hidden\" name=\"_wpcf7_locale\" value=\"es_ES\" \/>\n<input type=\"hidden\" name=\"_wpcf7_unit_tag\" value=\"wpcf7-f11885-o1\" \/>\n<input type=\"hidden\" name=\"_wpcf7_container_post\" value=\"0\" \/>\n<input type=\"hidden\" name=\"_wpcf7_posted_data_hash\" value=\"\" \/>\n<input type=\"hidden\" name=\"_wpcf7_recaptcha_response\" value=\"\" \/>\n<\/div>\n<p><span class=\"wpcf7-form-control-wrap text-775\"><input type=\"text\" name=\"text-775\" value=\"\" size=\"40\" class=\"wpcf7-form-control wpcf7-text wpcf7-validates-as-required\" aria-required=\"true\" aria-invalid=\"false\" placeholder=\"Nom\" \/><\/span><span class=\"wpcf7-form-control-wrap email-550\"><input type=\"email\" name=\"email-550\" value=\"\" size=\"40\" class=\"wpcf7-form-control wpcf7-text wpcf7-email wpcf7-validates-as-required wpcf7-validates-as-email\" aria-required=\"true\" aria-invalid=\"false\" placeholder=\"E-Mail\" \/><\/span><span class=\"wpcf7-form-control-wrap textarea-138\"><textarea name=\"textarea-138\" cols=\"10\" rows=\"4\" class=\"wpcf7-form-control wpcf7-textarea wpcf7-validates-as-required\" aria-required=\"true\" aria-invalid=\"false\" placeholder=\"Message\"><\/textarea><\/span><span class=\"wpcf7-form-control-wrap acepto\"><span class=\"wpcf7-form-control wpcf7-acceptance\"><span class=\"wpcf7-list-item\"><label><input type=\"checkbox\" name=\"acepto\" value=\"1\" aria-invalid=\"false\" \/><span class=\"wpcf7-list-item-label\">J'accepte la&nbsp;<a href=\"https:\/\/www.aegm.org\/fr\/avis-juridique\/#politique-confidentialite\" target=\"_blank\">politique de confidentialit\u00e9 de l'AEGM<\/a><\/span><\/label><\/span><\/span><\/span><input type=\"submit\" value=\"Send\" class=\"wpcf7-form-control has-spinner wpcf7-submit\" \/><\/p>\n<div class=\"wpcf7-response-output\" aria-hidden=\"true\"><\/div><\/form><\/div>\t<\/div>\n\n\t\t\t<\/div>\n\t\t\t\t<\/div>\n\t\t\t\t\t<\/div>\n\t\t<\/div>\n\t\t\t\t\t\t\t<\/div>\n\t\t<\/section>\n\t\t\t\t<section class=\"elementor-section elementor-top-section elementor-element elementor-element-9acc962 elementor-section-full_width elementor-section-height-default elementor-section-height-default\" data-id=\"9acc962\" data-element_type=\"section\">\n\t\t\t\t\t\t<div class=\"elementor-container elementor-column-gap-default\">\n\t\t\t\t\t<div class=\"elementor-column elementor-col-100 elementor-top-column elementor-element elementor-element-7d79cac\" data-id=\"7d79cac\" data-element_type=\"column\">\n\t\t\t<div class=\"elementor-widget-wrap elementor-element-populated\">\n\t\t\t\t\t\t\t\t<div class=\"elementor-element elementor-element-8c1169b elementor-widget elementor-widget-html\" data-id=\"8c1169b\" data-element_type=\"widget\" data-widget_type=\"html.default\">\n\t\t\t\t<div class=\"elementor-widget-container\">\n\t\t\t<iframe src=\"https:\/\/www.google.com\/maps\/embed?pb=!1m14!1m8!1m3!1d11752.541184630421!2d-0.5487521!3d42.5736507!3m2!1i1024!2i768!4f13.1!3m3!1m2!1s0x0%3A0x84f57adc16195f6a!2zQXNvY2lhY2nDs24gRXNwYcOxb2xhIGRlIEd1w61hcyBkZSBNb250YcOxYQ!5e0!3m2!1ses!2ses!4v1637325848032!5m2!1ses!2ses\" width=\"100%\" height=\"450\" style=\"border:0;\" allowfullscreen=\"\" loading=\"lazy\"><\/iframe>\t\t<\/div>\n\t\t\t\t<\/div>\n\t\t\t\t\t<\/div>\n\t\t<\/div>\n\t\t\t\t\t\t\t<\/div>\n\t\t<\/section>\n\t\t\t\t\t\t<\/div>\n\t\t\t\t\t<\/div>\n\t\t","protected":false},"excerpt":{"rendered":"<p>Contactez-nous Nous sommes l\u00e0 pour r\u00e9pondre \u00e0 toutes vos questions. N&rsquo;h\u00e9sitez pas \u00e0 nous \u00e9crire via notre formulaire. Av. Juan XXIII, 522700 Jaca (Huesca) E-mail: info@aegm.org T\u00e9l\u00e9phone: +34 974 35 55 78<\/p>\n","protected":false},"author":1,"featured_media":0,"parent":0,"menu_order":0,"comment_status":"closed","ping_status":"closed","template":"","meta":{"_cbd_carousel_blocks":"[]","_mi_skip_tracking":false,"_monsterinsights_sitenote_active":false,"_monsterinsights_sitenote_note":"","_monsterinsights_sitenote_category":0,"footnotes":""},"class_list":["post-11876","page","type-page","status-publish","hentry"],"_links":{"self":[{"href":"https:\/\/www.aegm.org\/fr\/wp-json\/wp\/v2\/pages\/11876","targetHints":{"allow":["GET"]}}],"collection":[{"href":"https:\/\/www.aegm.org\/fr\/wp-json\/wp\/v2\/pages"}],"about":[{"href":"https:\/\/www.aegm.org\/fr\/wp-json\/wp\/v2\/types\/page"}],"author":[{"embeddable":true,"href":"https:\/\/www.aegm.org\/fr\/wp-json\/wp\/v2\/users\/1"}],"replies":[{"embeddable":true,"href":"https:\/\/www.aegm.org\/fr\/wp-json\/wp\/v2\/comments?post=11876"}],"version-history":[{"count":13,"href":"https:\/\/www.aegm.org\/fr\/wp-json\/wp\/v2\/pages\/11876\/revisions"}],"predecessor-version":[{"id":11891,"href":"https:\/\/www.aegm.org\/fr\/wp-json\/wp\/v2\/pages\/11876\/revisions\/11891"}],"wp:attachment":[{"href":"https:\/\/www.aegm.org\/fr\/wp-json\/wp\/v2\/media?parent=11876"}],"curies":[{"name":"wp","href":"https:\/\/api.w.org\/{rel}","templated":true}]}}